{"id":823,"date":"2025-02-14T12:00:13","date_gmt":"2025-02-14T11:00:13","guid":{"rendered":"https:\/\/www-2025.dott.antichita.uniroma2.it\/?page_id=823"},"modified":"2026-05-02T01:09:38","modified_gmt":"2026-05-01T23:09:38","slug":"advisory-board","status":"publish","type":"page","link":"https:\/\/www-2025.dott.antichita.uniroma2.it\/en\/advisory-board\/","title":{"rendered":"Advisory Board"},"content":{"rendered":"<p>[et_pb_section fb_built=&#8221;1&#8243; _builder_version=&#8221;4.27.4&#8243; _module_preset=&#8221;default&#8221; custom_padding=&#8221;20px||20px||false|false&#8221; global_colors_info=&#8221;{}&#8221;][et_pb_row column_structure=&#8221;1_2,1_2&#8243; _builder_version=&#8221;4.27.4&#8243; _module_preset=&#8221;default&#8221; global_colors_info=&#8221;{}&#8221;][et_pb_column type=&#8221;1_2&#8243; _builder_version=&#8221;4.27.4&#8243; _module_preset=&#8221;default&#8221; global_colors_info=&#8221;{}&#8221;][et_pb_team_member name=&#8221;Prof.ssa Lucrezia Spera&#8221; position=&#8221;Coordinatrice del Dottorato&#8221; admin_label=&#8221;Person: Lucrezia Spera&#8221; _builder_version=&#8221;4.27.4&#8243; _module_preset=&#8221;default&#8221; header_font=&#8221;|700|||||||&#8221; header_text_color=&#8221;#0C71C3&#8243; header_font_size=&#8221;22px&#8221; header_line_height=&#8221;1.3em&#8221; body_text_color=&#8221;#000000&#8243; body_line_height=&#8221;1.5em&#8221; position_font=&#8221;|700||on|||||&#8221; position_text_color=&#8221;#000000&#8243; position_line_height=&#8221;1.6em&#8221; db_email_addr=&#8221;lucrezia.spera@uniroma2.it&#8221; db_phone=&#8221;(+39) 06-7259.5033&#8243; global_colors_info=&#8221;{}&#8221;]<\/p>\n<p>Universit\u00e0 degli Studi di Roma Tor Vergata<br \/>Dipartimento di Studi letterari, filosofici e di storia dell&#8217;arte<br \/>Edificio B, piano 3, studio 38<br \/>via Columbia, 1<br \/>00133 Roma<\/p>\n<p>[\/et_pb_team_member][\/et_pb_column][et_pb_column type=&#8221;1_2&#8243; _builder_version=&#8221;4.27.4&#8243; _module_preset=&#8221;default&#8221; global_colors_info=&#8221;{}&#8221;][et_pb_team_member name=&#8221;Prof. Michele Bandini&#8221; position=&#8221;Professore ordinario di Filologia greca e latina&#8221; admin_label=&#8221;Person: Michele Bandini&#8221; _builder_version=&#8221;4.27.4&#8243; _module_preset=&#8221;default&#8221; header_font=&#8221;|700|||||||&#8221; header_text_color=&#8221;#0C71C3&#8243; header_font_size=&#8221;22px&#8221; header_line_height=&#8221;1.3em&#8221; body_text_color=&#8221;#000000&#8243; body_line_height=&#8221;1.5em&#8221; position_font=&#8221;|700||on|||||&#8221; position_text_color=&#8221;#000000&#8243; position_line_height=&#8221;1.6em&#8221; db_email_addr=&#8221;michele.bandini@unibas.it&#8221; db_phone=&#8221;(+39) 0971 202471&#8243; locked=&#8221;off&#8221; global_colors_info=&#8221;{}&#8221;]<\/p>\n<p>Universit\u00e0 degli Studi della Basilicata<br \/>Dipartimento per l&#8217;Innovazione Umanistica, Scientifica e Sociale<br \/>Polo del Francioso, Padiglione 5, Piano 2<br \/>Via Nazario Sauro, 85<br \/>85100 Potenza (PZ)<\/p>\n<p>[\/et_pb_team_member][\/et_pb_column][\/et_pb_row][et_pb_row column_structure=&#8221;1_2,1_2&#8243; _builder_version=&#8221;4.27.4&#8243; _module_preset=&#8221;default&#8221; global_colors_info=&#8221;{}&#8221;][et_pb_column type=&#8221;1_2&#8243; _builder_version=&#8221;4.27.4&#8243; _module_preset=&#8221;default&#8221; global_colors_info=&#8221;{}&#8221;][et_pb_team_member name=&#8221;Prof.ssa Montserrat Claveria&#8221; position=&#8221; Catedr\u00e1tica de Historia del Arte Antiguo&#8221; admin_label=&#8221;Person: Montserrat Claveria&#8221; _builder_version=&#8221;4.27.4&#8243; _module_preset=&#8221;default&#8221; header_font=&#8221;|700|||||||&#8221; header_text_color=&#8221;#0C71C3&#8243; header_font_size=&#8221;22px&#8221; header_line_height=&#8221;1.3em&#8221; body_text_color=&#8221;#000000&#8243; body_line_height=&#8221;1.5em&#8221; position_font=&#8221;|700||on|||||&#8221; position_text_color=&#8221;#000000&#8243; position_line_height=&#8221;1.6em&#8221; db_email_addr=&#8221;montserrat.claveria@uab.cat&#8221; db_phone=&#8221;(+39) 935.811.605&#8243; locked=&#8221;off&#8221; global_colors_info=&#8221;{}&#8221;]<\/p>\n<p>Universitat Aut\u00f2noma de Barcelona<br \/>Departament d&#8217;Art i de Musicologia<br \/>Universitat Aut\u00f2noma de Barcelona<br \/>Edifici B &#8211; Campus UAB<br \/>08193 Bellaterra (Cerdanyola del Vall\u00e8s, Barcelona) &#8211; Espa\u00f1a<\/p>\n<p>[\/et_pb_team_member][\/et_pb_column][et_pb_column type=&#8221;1_2&#8243; _builder_version=&#8221;4.27.4&#8243; _module_preset=&#8221;default&#8221; global_colors_info=&#8221;{}&#8221;][et_pb_team_member name=&#8221;Prof.ssa Eleonora Fortunato&#8221; position=&#8221;Direttore responsabile di Orizzonte Scuola&#8221; admin_label=&#8221;Person: Eleonora Fortunato&#8221; _builder_version=&#8221;4.27.4&#8243; _module_preset=&#8221;default&#8221; header_font=&#8221;|700|||||||&#8221; header_text_color=&#8221;#0C71C3&#8243; header_font_size=&#8221;22px&#8221; header_line_height=&#8221;1.3em&#8221; body_text_color=&#8221;#000000&#8243; body_line_height=&#8221;1.5em&#8221; position_font=&#8221;|700||on|||||&#8221; position_text_color=&#8221;#000000&#8243; position_line_height=&#8221;1.6em&#8221; website_url=&#8221;orizzontescuola.it&#8221; db_email_addr=&#8221;redazione@orizzontescuola.it&#8221; locked=&#8221;off&#8221; global_colors_info=&#8221;{}&#8221;]<\/p>\n<p>Orizzonte Scuola<br \/>Direzione e redazione:<br \/>Via John Anthony Spataro<br \/>97100 Ragusa<\/p>\n<p>[\/et_pb_team_member][\/et_pb_column][\/et_pb_row][et_pb_row column_structure=&#8221;1_2,1_2&#8243; _builder_version=&#8221;4.27.4&#8243; _module_preset=&#8221;default&#8221; global_colors_info=&#8221;{}&#8221;][et_pb_column type=&#8221;1_2&#8243; _builder_version=&#8221;4.27.4&#8243; _module_preset=&#8221;default&#8221; global_colors_info=&#8221;{}&#8221;][et_pb_team_member name=&#8221;Dott. Daniele Federico Maras&#8221; position=&#8221;Direttore del Museo Archeologico Nazionale di Firenze&#8221; admin_label=&#8221;Person: Daniele Federico Maras&#8221; _builder_version=&#8221;4.27.4&#8243; _module_preset=&#8221;default&#8221; header_font=&#8221;|700|||||||&#8221; header_text_color=&#8221;#0C71C3&#8243; header_font_size=&#8221;22px&#8221; header_line_height=&#8221;1.3em&#8221; body_text_color=&#8221;#000000&#8243; body_line_height=&#8221;1.5em&#8221; position_font=&#8221;|700||on|||||&#8221; position_text_color=&#8221;#000000&#8243; position_line_height=&#8221;1.6em&#8221; db_email_addr=&#8221;danielefederico.maras@cultura.gov.it&#8221; db_phone=&#8221;(+39) 055-23575&#8243; locked=&#8221;off&#8221; global_colors_info=&#8221;{}&#8221;]<\/p>\n<p>Museo archeologico nazionale di Firenze<br \/>Piazza S.S. Annunziata, 9b<br \/>50122 Firenze (FI)<\/p>\n<p>[\/et_pb_team_member][\/et_pb_column][et_pb_column type=&#8221;1_2&#8243; _builder_version=&#8221;4.27.4&#8243; _module_preset=&#8221;default&#8221; global_colors_info=&#8221;{}&#8221;][et_pb_team_member name=&#8221;Dott.ssa Claudia Montuschi&#8221; position=&#8221;Direttrice del Dipartimento dei manoscritti &#8211; BAV&#8221; admin_label=&#8221;Person: Claudia Montuschi&#8221; _builder_version=&#8221;4.27.4&#8243; _module_preset=&#8221;default&#8221; header_font=&#8221;|700|||||||&#8221; header_text_color=&#8221;#0C71C3&#8243; header_font_size=&#8221;22px&#8221; header_line_height=&#8221;1.3em&#8221; body_text_color=&#8221;#000000&#8243; body_line_height=&#8221;1.5em&#8221; position_font=&#8221;|700||on|||||&#8221; position_text_color=&#8221;#000000&#8243; position_line_height=&#8221;1.6em&#8221; locked=&#8221;off&#8221; global_colors_info=&#8221;{}&#8221;]<\/p>\n<p>Biblioteca Apostolica Vaticana<br \/>Cortile Belvedere<br \/>00120 Citt\u00e0 del Vaticano<\/p>\n<p>[\/et_pb_team_member][\/et_pb_column][\/et_pb_row][et_pb_row column_structure=&#8221;1_2,1_2&#8243; _builder_version=&#8221;4.27.4&#8243; _module_preset=&#8221;default&#8221; global_colors_info=&#8221;{}&#8221;][et_pb_column type=&#8221;1_2&#8243; _builder_version=&#8221;4.27.4&#8243; _module_preset=&#8221;default&#8221; global_colors_info=&#8221;{}&#8221;][et_pb_team_member name=&#8221;Prof. Michel-Yves Perrin&#8221; position=&#8221;Directeur d&#8217;\u00e9tudes &#8211; Antiquit\u00e9 tardive&#8221; admin_label=&#8221;Person: Michel-Yves Perrin&#8221; _builder_version=&#8221;4.27.4&#8243; _module_preset=&#8221;default&#8221; header_font=&#8221;|700|||||||&#8221; header_text_color=&#8221;#0C71C3&#8243; header_font_size=&#8221;22px&#8221; header_line_height=&#8221;1.3em&#8221; body_text_color=&#8221;#000000&#8243; body_line_height=&#8221;1.5em&#8221; position_font=&#8221;|700||on|||||&#8221; position_text_color=&#8221;#000000&#8243; position_line_height=&#8221;1.6em&#8221; db_email_addr=&#8221;michel-yves.perrin@ephe.psl.eu&#8221; locked=&#8221;off&#8221; global_colors_info=&#8221;{}&#8221;]<\/p>\n<p>\u00c9cole Pratique des Hautes \u00c9tudes<br \/>Les Patios Saint Jacques<br \/>4-14 rue Ferrus<br \/>75014 Paris &#8211; France<\/p>\n<p>[\/et_pb_team_member][\/et_pb_column][et_pb_column type=&#8221;1_2&#8243; _builder_version=&#8221;4.27.4&#8243; _module_preset=&#8221;default&#8221; global_colors_info=&#8221;{}&#8221;][et_pb_team_member name=&#8221;Prof. Francesco Santi&#8221; position=&#8221;Professore ordinario di Letteratura latina medievale e umanistica &#8221; admin_label=&#8221;Person: Francesco Santi&#8221; _builder_version=&#8221;4.27.4&#8243; _module_preset=&#8221;default&#8221; header_font=&#8221;|700|||||||&#8221; header_text_color=&#8221;#0C71C3&#8243; header_font_size=&#8221;22px&#8221; header_line_height=&#8221;1.3em&#8221; body_text_color=&#8221;#000000&#8243; body_line_height=&#8221;1.5em&#8221; position_font=&#8221;|700||on|||||&#8221; position_text_color=&#8221;#000000&#8243; position_line_height=&#8221;1.6em&#8221; db_email_addr=&#8221;francesco.santi6@unibo.it&#8221; db_phone=&#8221;(+39) 051-209.8586&#8243; locked=&#8221;off&#8221; global_colors_info=&#8221;{}&#8221;]<\/p>\n<p>Universit\u00e0 degli Studi di Bologna<br \/>Dipartimento di Filologia Classica e Italianistica<br \/>Via Luigi Zamboni, 32<br \/>40126 Bologna<\/p>\n<p>[\/et_pb_team_member][\/et_pb_column][\/et_pb_row][et_pb_row column_structure=&#8221;1_2,1_2&#8243; _builder_version=&#8221;4.27.4&#8243; _module_preset=&#8221;default&#8221; global_colors_info=&#8221;{}&#8221;][et_pb_column type=&#8221;1_2&#8243; _builder_version=&#8221;4.27.4&#8243; _module_preset=&#8221;default&#8221; global_colors_info=&#8221;{}&#8221;][et_pb_team_member name=&#8221;Prof. Richard F. Thomas&#8221; position=&#8221;George Martin Lane Professor of the Classics&#8221; admin_label=&#8221;Person: Richard F. Thomas&#8221; _builder_version=&#8221;4.27.4&#8243; _module_preset=&#8221;default&#8221; header_font=&#8221;|700|||||||&#8221; header_text_color=&#8221;#0C71C3&#8243; header_font_size=&#8221;22px&#8221; header_line_height=&#8221;1.3em&#8221; body_text_color=&#8221;#000000&#8243; body_line_height=&#8221;1.5em&#8221; position_font=&#8221;|700||on|||||&#8221; position_text_color=&#8221;#000000&#8243; position_line_height=&#8221;1.6em&#8221; db_email_addr=&#8221;rthomas@fas.harvard.edu&#8221; db_phone=&#8221;(+1) 617.496.6061&#8243; locked=&#8221;off&#8221; global_colors_info=&#8221;{}&#8221;]<\/p>\n<p>Harvard University<br \/>Department of the Classics<br \/>204 Boylston Hall &#8211; Harvard Yard<br \/>Cambridge MA 02138 &#8211; United States<\/p>\n<p>[\/et_pb_team_member][\/et_pb_column][et_pb_column type=&#8221;1_2&#8243; _builder_version=&#8221;4.27.4&#8243; _module_preset=&#8221;default&#8221; global_colors_info=&#8221;{}&#8221;][et_pb_team_member name=&#8221;Prof. Jos\u00e9-\u00c1ngel Zamora Lopez&#8221; position=&#8221;Cient\u00edfico Titular de Organismos P\u00fablicos de Investigaci\u00f3n&#8221; admin_label=&#8221;Person: Jos\u00e9-\u00c1ngel Zamora Lopez&#8221; _builder_version=&#8221;4.27.4&#8243; _module_preset=&#8221;default&#8221; header_font=&#8221;|700|||||||&#8221; header_text_color=&#8221;#0C71C3&#8243; header_font_size=&#8221;22px&#8221; header_line_height=&#8221;1.3em&#8221; body_text_color=&#8221;#000000&#8243; body_line_height=&#8221;1.5em&#8221; position_font=&#8221;|700||on|||||&#8221; position_text_color=&#8221;#000000&#8243; position_line_height=&#8221;1.6em&#8221; db_email_addr=&#8221;joseangel.zamora@cchs.csic.es&#8221; db_phone=&#8221;(+34) 916.022.880&#8243; locked=&#8221;off&#8221; global_colors_info=&#8221;{}&#8221;]<\/p>\n<p>Consejo Superior de Investigaciones Cient\u00edficas<br \/>Departamento de Estudios de Pr\u00f3ximo Oriente Antiguo<br \/>C\/Albasanz, 26-28<br \/>Madrid 28037 &#8211; Espa\u00f1a<\/p>\n<p>[\/et_pb_team_member][\/et_pb_column][\/et_pb_row][\/et_pb_section]<\/p>\n","protected":false},"excerpt":{"rendered":"<p>Universit\u00e0 degli Studi di Roma Tor VergataDipartimento di Studi letterari, filosofici e di storia dell&#8217;arteEdificio B, piano 3, studio 38via Columbia, 100133 RomaUniversit\u00e0 degli Studi della BasilicataDipartimento per l&#8217;Innovazione Umanistica, Scientifica e SocialePolo del Francioso, Padiglione 5, Piano 2Via Nazario Sauro, 8585100 Potenza (PZ)Universitat Aut\u00f2noma de BarcelonaDepartament d&#8217;Art i de MusicologiaUniversitat Aut\u00f2noma de BarcelonaEdifici B &#8211; Campus UAB08193 Bellaterra (Cerdanyola del Vall\u00e8s, Barcelona) &#8211; Espa\u00f1aOrizzonte ScuolaDirezione e redazione:Via John Anthony Spataro97100 RagusaMuseo archeologico nazionale di FirenzePiazza S.S. Annunziata, 9b50122 Firenze (FI)Biblioteca Apostolica VaticanaCortile Belvedere00120 Citt\u00e0 del Vaticano\u00c9cole Pratique des Hautes \u00c9tudesLes Patios Saint Jacques4-14 rue Ferrus75014 Paris &#8211; FranceUniversit\u00e0 degli Studi di BolognaDipartimento di Filologia Classica e ItalianisticaVia Luigi Zamboni, 3240126 BolognaHarvard UniversityDepartment of the Classics204 Boylston Hall &#8211; Harvard YardCambridge MA 02138 &#8211; United StatesConsejo Superior de Investigaciones Cient\u00edficasDepartamento de Estudios de Pr\u00f3ximo Oriente AntiguoC\/Albasanz, 26-28Madrid 28037 &#8211; Espa\u00f1a<\/p>\n","protected":false},"author":1,"featured_media":0,"parent":0,"menu_order":0,"comment_status":"closed","ping_status":"closed","template":"","meta":{"_et_pb_use_builder":"on","_et_pb_old_content":"","_et_gb_content_width":"","footnotes":""},"class_list":["post-823","page","type-page","status-publish","hentry"],"_links":{"self":[{"href":"https:\/\/www-2025.dott.antichita.uniroma2.it\/en\/wp-json\/wp\/v2\/pages\/823","targetHints":{"allow":["GET"]}}],"collection":[{"href":"https:\/\/www-2025.dott.antichita.uniroma2.it\/en\/wp-json\/wp\/v2\/pages"}],"about":[{"href":"https:\/\/www-2025.dott.antichita.uniroma2.it\/en\/wp-json\/wp\/v2\/types\/page"}],"author":[{"embeddable":true,"href":"https:\/\/www-2025.dott.antichita.uniroma2.it\/en\/wp-json\/wp\/v2\/users\/1"}],"replies":[{"embeddable":true,"href":"https:\/\/www-2025.dott.antichita.uniroma2.it\/en\/wp-json\/wp\/v2\/comments?post=823"}],"version-history":[{"count":0,"href":"https:\/\/www-2025.dott.antichita.uniroma2.it\/en\/wp-json\/wp\/v2\/pages\/823\/revisions"}],"wp:attachment":[{"href":"https:\/\/www-2025.dott.antichita.uniroma2.it\/en\/wp-json\/wp\/v2\/media?parent=823"}],"curies":[{"name":"wp","href":"https:\/\/api.w.org\/{rel}","templated":true}]}}