{"id":783,"date":"2025-02-14T12:00:13","date_gmt":"2025-02-14T11:00:13","guid":{"rendered":"https:\/\/www-2025.dott.antichita.uniroma2.it\/archivio-convegni-e-conferenze-2024-2026\/"},"modified":"2026-05-02T00:59:07","modified_gmt":"2026-05-01T22:59:07","slug":"archive-of-conferences-and-seminars-2024-2026","status":"publish","type":"page","link":"https:\/\/www-2025.dott.antichita.uniroma2.it\/en\/archive-of-conferences-and-seminars-2024-2026\/","title":{"rendered":"Archive of Conferences and Seminars, 2024-2026"},"content":{"rendered":"<p>[et_pb_section fb_built=&#8221;1&#8243; _builder_version=&#8221;4.27.4&#8243; _module_preset=&#8221;default&#8221; custom_padding=&#8221;20px||100px||false|false&#8221; global_colors_info=&#8221;{}&#8221;][et_pb_row _builder_version=&#8221;4.27.4&#8243; _module_preset=&#8221;default&#8221; custom_padding=&#8221;0px||0px||false|false&#8221; global_colors_info=&#8221;{}&#8221;][et_pb_column type=&#8221;4_4&#8243; _builder_version=&#8221;4.27.4&#8243; _module_preset=&#8221;default&#8221; global_colors_info=&#8221;{}&#8221;][et_pb_text _builder_version=&#8221;4.27.6&#8243; _module_preset=&#8221;default&#8221; text_text_color=&#8221;#000000&#8243; text_line_height=&#8221;1.5em&#8221; header_font=&#8221;|800|||||||&#8221; header_text_color=&#8221;#0C71C3&#8243; header_font_size=&#8221;24px&#8221; header_line_height=&#8221;1.5em&#8221; text_orientation=&#8221;justified&#8221; global_colors_info=&#8221;{}&#8221;]<\/p>\n<h1>2026<\/h1>\n<p>(<a href=\"https:\/\/www-2025.dott.antichita.uniroma2.it\/2026\/04\/14\/il-frammento-2\/\">2026-04-28<\/a>) <em><strong>Il frammento &#8211; 2<\/strong><\/em>. Intervengono: <strong>Christiane Vorster<\/strong> (Universit\u00e4t Bonn): <em>La scultura antica tra frammento e integrazione<\/em>. &#8211; <strong>Emanuele Dettori<\/strong> (Universit\u00e0 di Roma Tor Vergata): <em>Figure della frammentologia<\/em>. &#8211; <strong>Virgilio Costa<\/strong> (Universit\u00e0 di Roma Tor Vergata): <em>La nascita e l\u2019evoluzione del piano editoriale dei Fragmente der griechischen Historiker di Felix Jacoby<\/em>. &#8211;\u00a0<strong>Andrea Balbo<\/strong> (Universit\u00e0 di Torino): <em>Problemi di edizione dei frammenti oratori: riflessioni metodologiche e proposte pratiche<\/em>.<\/p>\n<p>(<a href=\"https:\/\/www-2025.dott.antichita.uniroma2.it\/2026\/01\/20\/il-teatro-antico\/\">2026-02-10<\/a>) <strong><em>Il teatro antico<\/em><\/strong>. Intervengono: <strong>Cristina Pace<\/strong> (Universit\u00e0 di Roma Tor Vergata): <em>L\u2019arte di guardare. Il potere dell\u2019immagine nella tragedia di Eschilo<\/em>. &#8211; <strong>Eleni Manakidou<\/strong> (Universit\u00e0 Aristotele &#8211; Salonicco): Attic Vase Scenes with theatrical performances. &#8211;\u00a0<strong>Marco Filippi<\/strong> (Universit\u00e0 del Molise): <em>Il costume nel teatro latino. Ruolo e funzione di uno strumento scenico nella costruzione dei personaggi<\/em>. &#8211; <strong>Anne Gallant<\/strong> (Universit\u00e9 Bordeaux-Montaigne), <strong>Marie Hel\u00e8ne Garelli<\/strong> (Universit\u00e9 Toulouse II): <em>Le projet CHOROS: organisation du public et r\u00e9ception des spectacles sc\u00e9niques dans l\u2019Occident romain<\/em>. &#8211;\u00a0<strong>Francesca Romana Nocchi<\/strong> (Universit\u00e0 di Roma Tor Vergata): <em>Quando la parola va in scena: la retorica come spettacolo tra musica e immagini<\/em>.<\/p>\n<p>(<a href=\"https:\/\/www-2025.dott.antichita.uniroma2.it\/2026\/03\/15\/le-eta-di-confine\/\">2026-03-20<\/a>) <em><strong>Le et\u00e0 di confine<\/strong><\/em>. Intervengono:\u00a0<strong>Tiziana Privitera<\/strong> (Universit\u00e0 di Roma Tor Vergata): <em>\u00abNil umquam longum est, quod sine fine placet\u00bb. Rutilio Namaziano tra nostalgia e sentimento della fine<\/em>. &#8211;\u00a0<strong>Lucrezia Spera<\/strong> (Universit\u00e0 di Roma Tor Vergata): <em>Roma in transizione. Dinamiche di insediamento della citt\u00e0 tardoantica (IV-VII secolo)<\/em>. &#8211;\u00a0<strong>Francesco Santi<\/strong> (Universit\u00e0 di Bologna): <em>Periodizzare il Medioevo<\/em>.<\/p>\n<h1>2025<\/h1>\n<p>(2025-12-16) <strong><em>Il frammento &#8211; 1<\/em><\/strong>. Intervengono: <strong>Leopoldo Gamberale<\/strong> (\u00abSapienza\u00bb Universit\u00e0 di Roma), <em>Nausicaa fra Omero e il III millennio<\/em>. &#8211;\u00a0<strong>Roberto Gamberini<\/strong> (Universit\u00e0 di Cassino e del Lazio Meridionale), <em>Letteratura in frantumi. Dinamiche di scomposizione, riuso e recupero testuale nel Medioevo latino<\/em>.<\/p>\n<p><a href=\"https:\/\/www-2025.dott.antichita.uniroma2.it\/2025\/01\/11\/lezioni-di-vassiliki-panoussi-e-nicoletta-bruno\/\">(2025-02-11<\/a>) <strong>Vassiliki Panoussi<\/strong> (The College of William &amp; Mary, Williamsburg, Virginia), <em>Aeneas\u2019 tropaeum: Trauma and Commemoration in Vergil\u2019s Aeneid<\/em>.<\/p>\n<p>(<a href=\"https:\/\/www-2025.dott.antichita.uniroma2.it\/2025\/01\/11\/lezioni-di-vassiliki-panoussi-e-nicoletta-bruno\/\">2025-02-11<\/a>) <strong>Nicoletta Bruno<\/strong> (Universityes of Liverpool and Basel), <em>Profezie e archeologie di Roma: l\u2019Eneide e il De re publica di Cicerone<\/em>.<\/p>\n<p>(<a href=\"https:\/\/www-2025.dott.antichita.uniroma2.it\/2025\/01\/20\/lezione-di-edward-e-cohen\/\">2025-02-11<\/a>) <strong>Edward E. Cohen<\/strong> (University of Pennsylvania),\u00a0<em>Roman Inequality:\u00a0Affluent Slaves and Businesswomen<\/em>.<\/p>\n<p>(<a href=\"http:\/\/dott.antichita.uniroma2.it\/2025\/02\/01\/frontiere-del-mediterraneo-antico\/\">2025-01-30_31<\/a>) Convegno dei Dottorandi &#8220;Frontiere del Mediterrano antico&#8221;. Intervengono: <strong>C\u00e9cile Schoumacher<\/strong> (Universit\u00e0 di Siena \/ Universit\u00e9 de Toulouse \u201cJean Jaur\u00e8s\u201d), <em>Un trattato per controllare le frontiere marittime: Baal I di Tiro ed Esarhaddon<\/em>. &#8211; <strong>Riccardo Maria Trapanese<\/strong> (Scuola Superiore Meridionale), <em>Frontiera e Age Classes: un esempio da Metaponto<\/em>. &#8211; <strong>Rebecca Massinelli<\/strong> (Universit\u00e0 di Trento), <em>Aree di confine e confini lineari come esito di dispute territoriali nel Peloponneso ellenistico<\/em>. &#8211; <strong>Andrea Pierozzi<\/strong> (Universit\u00e0 di Milano \u201cLa Statale\u201d), <em>Frontiere geografiche e frontiere etniche: il caso dei Celtosciti<\/em>. &#8211; <strong>Ylenia Carbonari<\/strong> (Universit\u00e0 di Chieti\/Pescara), <em>Africa, Libya e Cirene: personificazioni regionali e iconografie a confronto<\/em>. &#8211; <strong>Giulia Morano<\/strong> (Universit\u00e0 di Napoli \u201cFederico II\u201d), <em>Barriere linguistiche e limiti legislativi nella riflessione politica a Roma nel post-cesaricidio (Cic. Phil. 5. 12-14)<\/em>. &#8211; <strong>Francesco Scozzaro<\/strong> (Universit\u00e0 di Palermo), <em>Extra fines o intra fines? Conflitti tra spazi e frontiere nella declamazione latina. Il caso della decl. min. 274<\/em>. &#8211; <strong>Gabriele Brusa<\/strong> (Universit\u00e0 di Pavia), <em>La rappresentazione della cultura militare romana nei manuali militari di area greca (I -II sec. d.C.): riflessioni su una barriera culturale<\/em>. &#8211; <strong>Anna Labbattaglia<\/strong> (Politecnico di Bari), <em>L\u2019architettura oltre il pregiudizio: gli edifici per i giochi dell\u2019arena nell\u2019oriente greco-romano<\/em>. &#8211; <strong>Pietroenrico Iridi Titti<\/strong> (Universit\u00e0 di Perugia), <em>Oltre i confini del mare: iscrizioni cultuali, incroci di popoli e mescolanze di lingue alle frontiere liquide dello \u201csperone d\u2019Italia\u201d<\/em>. &#8211; <strong>Roberto Russo<\/strong> (Edinburgh University), <em>Il santuario dei Palikoi: un sacrario degli oppressi al crocevia del Mediterraneo<\/em>. &#8211; <strong>Andrea Di Lenardo<\/strong> (Universit\u00e0 \u201cCa\u2019 Foscari\u201d, Venezia \/ Universit\u00e0 di Udine), <em>Circoncisione e norme di purit\u00e0 alimentare: frontiere nella Chiesa delle origini<\/em>. &#8211; <strong>Gaetano Spampinato<\/strong> (Universit\u00e0 di Berna), <em>\u201cCome noi, diversi da noi\u201d. Strategie polemiche e tendenze classificatorie nell\u2019associazione tra pagani ed eretici nell\u2019eresiologia tardoantica<\/em>. &#8211; <strong>Sara Gualandi<\/strong> (Universit\u00e0 Statale di Milano), <em>L\u2019imperatore Claudio come Saturnalicus Princeps: il tema dell\u2019incesto a Roma e fuori Roma<\/em>. &#8211; <strong>Simone Giorgi<\/strong> (Universit\u00e0 di Roma Tor Vergata), <em>Il culto di Elagabalo alle periferie dell\u2019impero. Strategie di inclusivit\u00e0 politica<\/em>. &#8211; <strong>Olivia Giuseppina Merli<\/strong> (Universit\u00e0 Cattolica di Milano), <em>Sessualit\u00e0, potere e religione: le divergenti narrazioni su un giovane imperatore outsider<\/em>. &#8211; Poster: <strong>Iida Laur\u00e9n<\/strong> (University of Helsinki), <em>Frontiere dell\u2019ebraismo. Un approccio alla religione vissuta<\/em>.<\/p>\n<h1>2024<\/h1>\n<p>(<a href=\"http:\/\/dott.antichita.uniroma2.it\/2024\/11\/13\/seminari-di-leopoldo-gamberale\/\">2024-11-13<\/a>) Seminari di <strong>Leopoldo Gamberale<\/strong> (\u00abSapienza\u00bb Universit\u00e0 di Roma): 1) <em>A proposito delle Retractationes di Agostino<\/em>; 2) <em>Dal sogno alla realt\u00e0: spunti di autobiografia intellettuale in Gerolamo<\/em>.<\/p>\n<p>(<a href=\"http:\/\/dott.antichita.uniroma2.it\/2024\/10\/30\/lezione-di-bobby-xinyue\/\">2024-10-30<\/a>) <strong>Bobby Xinyue<\/strong> (KIng\u2019s College, London), <em>Labour, Social Status, and Authorship in the Moretum<\/em>.<\/p>\n<p>(<a href=\"http:\/\/dott.antichita.uniroma2.it\/2024\/10\/30\/lezione-di-luigi-damelia\/\">2024-10-30<\/a>) <strong>Luigi D\u2019Amelia<\/strong> (Universit\u00e0 di Bologna), <em>Hate speech a Bisanzio. Il lessico denigratorio contro Musulmani e Latini<\/em>.<\/p>\n<p>(<a href=\"http:\/\/dott.antichita.uniroma2.it\/2024\/10\/28\/giornata-di-studi-per-i-100-anni-di-giorgio-brugnoli\/\">2024-10-28<\/a>) <em>Curiosissimus Magister<\/em>. Giornata di Studi per Giorgio Brugnoli. Intervengono: <strong>Fabio Stok<\/strong> (Universit\u00e0 di Roma Tor Vergata), <em>Svetonio \/ Donato: un problema irrisolto (o irresolubile?<\/em> &#8211; <strong>Roberto Rea<\/strong> (Universit\u00e0 di Roma Tor Vergata), <em>Tre esercizi di intertestualit\u00e0 dantesca<\/em>. &#8211; <strong>Tiziana Privitera<\/strong> (Universit\u00e0 di Roma Tor Vergata), <em>La musa ritrosa di Foca<\/em>. &#8211; <strong>Giorgio Inglese<\/strong> (\u00abSapienza\u00bb Universit\u00e0 di Roma), <em>Giorgio Brugnoli e il commento alla Commedia<\/em>. &#8211; <strong>Sabina Marinetti<\/strong> (Universit\u00e0 di Roma Tor Vergata), <em>I denti delle arpie: scenario e funzioni in Inf. XIII<\/em>; <strong>Paolo Esposito<\/strong> (Universit\u00e0 di Salerno), <em>A proposito del Vat. Ross. 959. Osservazioni preliminari<\/em>.<\/p>\n<p>(<a href=\"http:\/\/dott.antichita.uniroma2.it\/2024\/10\/16\/seminario-periodizzare-nella-ricerca-umanistica\/\">2024-10-16<\/a>) Seminario &#8220;Periodizzare nella ricerca umanistica&#8221;. Intervengono: <strong>Pierfrancesco Porena<\/strong> (Universit\u00e0 di Roma Tre), <em>Periodizzare la storia di Roma: le prospettive degli antichi e dei moderni<\/em>. &#8211; <strong>Daniele Manacorda<\/strong> (Universit\u00e0 di Roma Tre), <em>La periodizzazione dal punto di vista di un archeologo<\/em>. &#8211; <strong>Paolo Cesaretti<\/strong> (Universit\u00e0 di Bergamo), <em>Tradizione e innovazione in alcune periodizzazioni delle letterature greca e bizantina tra fine XIX e inizio XXI secolo<\/em>.<\/p>\n<p>(<a href=\"http:\/\/dott.antichita.uniroma2.it\/2024\/10\/09\/lezione-di-costas-panayotakis\/\">2024-10-09<\/a>) <strong>Costas Panayotakis<\/strong> (University of Glasgow), <em>Per una edizione dei frammenti del mimo latino e della fabula Atellana: problemi e prospettive<\/em>.<\/p>\n<p>(<a href=\"http:\/\/dott.antichita.uniroma2.it\/2024\/09\/09\/lezione-di-rino-modonutti\/\">2024-10-08<\/a>) <strong>Rino Modonutti<\/strong> (Universit\u00e0 di Padova), <em>Peccato non leggessero Lucrezio (o Corippo)? Il canone dei poeti classici dei primi umanisti padovani: una rivalutazione \u00abmetodica\u00bb<\/em>.<\/p>\n<p>(<a href=\"http:\/\/dott.antichita.uniroma2.it\/2024\/09\/08\/lezione-di-elena-franchi\/\">2024-10-08<\/a>) <strong>Elena Franchi<\/strong> (Universit\u00e0 di Trento), <em>Attivit\u00e0 transfrontaliere in Grecia antica. Problemi e prospettive.<\/em><\/p>\n<p>(<a href=\"http:\/\/dott.antichita.uniroma2.it\/2024\/07\/29\/seminario-epidoc-per-lepigrafia-bizantina-unintroduzione\/\">2024-07-29_31<\/a>) Seminario di <strong>Martina Filosa<\/strong> (Universit\u00e4t zu K\u00f6ln. Institut f\u00fcr Altertumskunde): <em>EpiDoc per l&#8217;Epigrafia bizantina. Un&#8217;introduzione<\/em>.<\/p>\n<p>(<a href=\"http:\/\/dott.antichita.uniroma2.it\/2024\/06\/20\/seminario-fonti-e-metodologie-della-ricerca-antichistica\/\">2024-06-20<\/a>) Seminario: Fonti e metodologie della ricerca antichistica. Intervengono: <strong>Federico De Romanis<\/strong> (Universit\u00e0 di Roma Tor Vergata), <em>Critica testuale e fonti &#8216;esterne&#8217;. Una questione di metodo<\/em>. &#8211; <strong>Marc Mayer I Oliv\u00e9<\/strong> (Universitat de Barcelona), <em>Epigrafia romana e letteratura latina. Due vie che non sempre s&#8217;incrociano<\/em>. &#8211; <strong>Carla Maria Amici<\/strong> (Universit\u00e0 del Salento) e <strong>Alessandra Ten<\/strong> (\u00abSapienza\u00bb Universit\u00e0 di Roma), <em>Per un approccio critico allo studio delle architetture archeologiche: il caso della cd. D\u00e9pandance della villa dei Sette Bassi a Roma<\/em>.<\/p>\n<p>(<a href=\"http:\/\/dott.antichita.uniroma2.it\/2024\/05\/15\/lezione-di-melanie-racette-campbell\/\">2024-06-15<\/a>) <strong>Melanie Racette-Campbell<\/strong> (University of Winnipeg), <em>Virtus in Horace, Livy, and Vergil<\/em>.<\/p>\n<p>(<a href=\"http:\/\/dott.antichita.uniroma2.it\/2024\/04\/18\/lezione-di-maurizio-bettini\/\">2024-04-18<\/a>) <strong>Maurizio Bettini<\/strong> (Universit\u00e0 di Siena), <em>Chi ha paura dei Greci e dei Romani? Dialogo e cancel culture<\/em>.<\/p>\n<p>(<a href=\"http:\/\/dott.antichita.uniroma2.it\/2024\/04\/11\/lezione-di-laura-loddo\/\">2024-04-11<\/a>) <strong>Laura Loddo<\/strong> (Universit\u00e0 Cattolica di Milano), <em>Come si elabora un mito politico. La ricezione di Solone nella pubblicistica ateniese di et\u00e0 classica<\/em>.<\/p>\n<p>(<a href=\"http:\/\/dott.antichita.uniroma2.it\/2024\/03\/26\/leroe-dimenticato-seminario-su-filottete-da-sofocle-alla-scena-contemporanea\/\">2024-03-26<\/a>) \u201cL\u2019eroe dimenticato. Seminario su Filottete da Sofocle alla scena contemporanea\u201d. Intervengono: <strong>Anna Albertina Beltrametti<\/strong> (Universit\u00e0 di Pavia), <em>La canaglia non \u00e8 mai caduta in disgrazia (Soph. Phil. 446)<\/em>; <strong>Ester Cerbo<\/strong> (Universit\u00e0 di Roma Tor Vergata), <em>Il Filottete di Aldo Braibanti<\/em>; <strong>Giorgina Pi<\/strong>, <em>Lemnos<\/em>. \u2013 Segue la visione del cortometraggio <em>Lemnos<\/em>, di Giorgina Pi e Bluemotion.<\/p>\n<p>(<a href=\"http:\/\/dott.antichita.uniroma2.it\/2024\/03\/13\/convegno-loratore-sale-in-tribuna\/\">2024-03-13<\/a>) Convegno &#8220;L\u2019oratore sale in tribuna. Rottura della quarta parete e dinamiche d&#8217;interazione tra oratore e pubblico&#8221;. Intervengono: <strong>Virgilio Costa<\/strong> (Universit\u00e0 di Roma Tor Vergata), <em>Le citazioni poetiche negli oratori attici<\/em>. &#8211; <strong>Cinzia Bearzot<\/strong> (Universit\u00e0 Cattolica del Sacro Cuore, Milano), <em>Memoria, timoria, orgh\u00e9 vs. oblio del male sub\u00ecto e perdono. Retorica ed emozioni nei primi anni della restaurazione democratica ateniese.<\/em> &#8211; <strong>Henriette Van Der Blom<\/strong> (University of Birmingham), <em>Orator-audience dynamics in Valerius Maximus Facta et dicta<\/em>. &#8211; <strong>Giuseppe La Bua<\/strong> (\u201cSapienza\u201d Universit\u00e0 di Roma), <em>Cattivi e buoni oratori, cattive e buone abitudini: la corretta eloquentia e la ricerca del consenso nell\u2019Epistolario di Plinio il Giovane<\/em>. &#8211; <strong>Graziana Brescia<\/strong> (Universit\u00e0 di Bari \u201cAldo Moro\u201d), <em>Visiones di parricidio. Il potere dello \u201csguardo della mente\u201d e la complicit\u00e0 tra declamatore e pubblico (Ps. Quint. Decl. min. 314)<\/em>. &#8211; <strong>Charles Gu\u00e9rin<\/strong> (Universit\u00e9 Paris-Sorbonne), <em>Taedium: la retorica classica latina e la noia del pubblico<\/em>. &#8211; <strong>Andrea Balbo<\/strong> (Universit\u00e0 di Torino), <em>Ista ratione schemata de rerum natura tolluntur (Sen. Contr. 7 praef. 7). Parole mal dette, equivoci sciocchi e pericolose stupidaggini: errori e travisamenti nell\u2019oratoria romana frammentaria tra la fine del I secolo a.C. e l\u2019inizio del I d.C.<\/em> &#8211; <strong>Alfredo Casamento<\/strong> (Universit\u00e0 di Palermo), <em>Elogio della solitudine. L\u2019oratore tra folla e silenzio nel giudizio di Quintiliano<\/em>. &#8211; <strong>Francesca Romana Nocchi<\/strong> (Universit\u00e0 di Roma Tor Vergata), <em>Gaffes e atti mancati in Quint. Inst. 6, 1, 39-41<\/em>. &#8211; <strong>Sergio Casali<\/strong> (Universit\u00e0 di Roma Tor Vergata), <em>Conclusioni<\/em>.<\/p>\n<p>[\/et_pb_text][\/et_pb_column][\/et_pb_row][\/et_pb_section]<\/p>\n","protected":false},"excerpt":{"rendered":"<p>2026 (2026-04-28) Il frammento &#8211; 2. Intervengono: Christiane Vorster (Universit\u00e4t Bonn): La scultura antica tra frammento e integrazione. &#8211; Emanuele Dettori (Universit\u00e0 di Roma Tor Vergata): Figure della frammentologia. &#8211; Virgilio Costa (Universit\u00e0 di Roma Tor Vergata): La nascita e l\u2019evoluzione del piano editoriale dei Fragmente der griechischen Historiker di Felix Jacoby. &#8211;\u00a0Andrea Balbo (Universit\u00e0 di Torino): Problemi di edizione dei frammenti oratori: riflessioni metodologiche e proposte pratiche. (2026-02-10) Il teatro antico. Intervengono: Cristina Pace (Universit\u00e0 di Roma Tor Vergata): L\u2019arte di guardare. Il potere dell\u2019immagine nella tragedia di Eschilo. &#8211; Eleni Manakidou (Universit\u00e0 Aristotele &#8211; Salonicco): Attic Vase Scenes with theatrical performances. &#8211;\u00a0Marco Filippi (Universit\u00e0 del Molise): Il costume nel teatro latino. Ruolo e funzione di uno strumento scenico nella costruzione dei personaggi. &#8211; Anne Gallant (Universit\u00e9 Bordeaux-Montaigne), Marie Hel\u00e8ne Garelli (Universit\u00e9 Toulouse II): Le projet CHOROS: organisation du public et r\u00e9ception des spectacles sc\u00e9niques dans l\u2019Occident romain. &#8211;\u00a0Francesca Romana Nocchi (Universit\u00e0 di Roma Tor Vergata): Quando la parola va in scena: la retorica come spettacolo tra musica e immagini. (2026-03-20) Le et\u00e0 di confine. Intervengono:\u00a0Tiziana Privitera (Universit\u00e0 di Roma Tor Vergata): \u00abNil umquam longum est, quod sine fine placet\u00bb. Rutilio Namaziano tra nostalgia e sentimento della fine. &#8211;\u00a0Lucrezia [&hellip;]<\/p>\n","protected":false},"author":1,"featured_media":0,"parent":0,"menu_order":0,"comment_status":"closed","ping_status":"closed","template":"","meta":{"_et_pb_use_builder":"on","_et_pb_old_content":"","_et_gb_content_width":"","footnotes":""},"class_list":["post-783","page","type-page","status-publish","hentry"],"_links":{"self":[{"href":"https:\/\/www-2025.dott.antichita.uniroma2.it\/en\/wp-json\/wp\/v2\/pages\/783","targetHints":{"allow":["GET"]}}],"collection":[{"href":"https:\/\/www-2025.dott.antichita.uniroma2.it\/en\/wp-json\/wp\/v2\/pages"}],"about":[{"href":"https:\/\/www-2025.dott.antichita.uniroma2.it\/en\/wp-json\/wp\/v2\/types\/page"}],"author":[{"embeddable":true,"href":"https:\/\/www-2025.dott.antichita.uniroma2.it\/en\/wp-json\/wp\/v2\/users\/1"}],"replies":[{"embeddable":true,"href":"https:\/\/www-2025.dott.antichita.uniroma2.it\/en\/wp-json\/wp\/v2\/comments?post=783"}],"version-history":[{"count":0,"href":"https:\/\/www-2025.dott.antichita.uniroma2.it\/en\/wp-json\/wp\/v2\/pages\/783\/revisions"}],"wp:attachment":[{"href":"https:\/\/www-2025.dott.antichita.uniroma2.it\/en\/wp-json\/wp\/v2\/media?parent=783"}],"curies":[{"name":"wp","href":"https:\/\/api.w.org\/{rel}","templated":true}]}}